{"id":458,"date":"2024-06-20T08:02:29","date_gmt":"2024-06-20T07:02:29","guid":{"rendered":"https:\/\/augmentedscience.eu\/?page_id=458"},"modified":"2026-02-27T21:16:05","modified_gmt":"2026-02-27T21:16:05","slug":"ajankohtaiset-uutiset","status":"publish","type":"page","link":"https:\/\/augmentedscience.eu\/index.php\/fi\/ajankohtaiset-uutiset\/","title":{"rendered":"AJANKOHTAISET UUTISET"},"content":{"rendered":"\t\t<div data-elementor-type=\"wp-page\" data-elementor-id=\"458\" class=\"elementor elementor-458\" data-elementor-post-type=\"page\">\n\t\t\t\t\t\t<section class=\"elementor-section elementor-top-section elementor-element elementor-element-69408763 elementor-section-content-middle elementor-section-boxed elementor-section-height-default elementor-section-height-default jltma-glass-effect-no\" data-id=\"69408763\" data-element_type=\"section\" data-e-type=\"section\" data-settings=\"{&quot;background_background&quot;:&quot;classic&quot;}\">\n\t\t\t\t\t\t\t<div class=\"elementor-background-overlay\"><\/div>\n\t\t\t\t\t\t\t<div class=\"elementor-container elementor-column-gap-default\">\n\t\t\t\t\t<div class=\"elementor-column elementor-col-50 elementor-top-column elementor-element elementor-element-48579e93 jltma-glass-effect-no\" data-id=\"48579e93\" data-element_type=\"column\" data-e-type=\"column\">\n\t\t\t<div class=\"elementor-widget-wrap elementor-element-populated\">\n\t\t\t\t\t\t<div class=\"elementor-element elementor-element-ea5e9a9 jltma-glass-effect-no elementor-widget elementor-widget-spacer\" data-id=\"ea5e9a9\" data-element_type=\"widget\" data-e-type=\"widget\" data-widget_type=\"spacer.default\">\n\t\t\t\t<div class=\"elementor-widget-container\">\n\t\t\t\t\t\t\t<div class=\"elementor-spacer\">\n\t\t\t<div class=\"elementor-spacer-inner\"><\/div>\n\t\t<\/div>\n\t\t\t\t\t\t<\/div>\n\t\t\t\t<\/div>\n\t\t\t\t<div class=\"elementor-element elementor-element-f8db810 jltma-glass-effect-no elementor-widget elementor-widget-elementskit-heading\" data-id=\"f8db810\" data-element_type=\"widget\" data-e-type=\"widget\" data-widget_type=\"elementskit-heading.default\">\n\t\t\t\t<div class=\"elementor-widget-container\">\n\t\t\t\t\t<div class=\"ekit-wid-con\" ><div class=\"ekit-heading elementskit-section-title-wraper text_center   ekit_heading_tablet-   ekit_heading_mobile-\"><h2 class=\"ekit-heading--title elementskit-section-title \">Uusimmat Uutiset<\/h2>\t\t\t\t<div class='ekit-heading__description'>\n\t\t\t\t\t<p>Tervetuloa uutishuoneeseemme, joka tarjoaa uusimmat p\u00e4ivitykset ja analyysit tiiviiss\u00e4 muodossa tietoon perustuvaa p\u00e4\u00e4t\u00f6ksentekoa varten.<\/p>\n\t\t\t\t<\/div>\n\t\t\t<\/div><\/div>\t\t\t\t<\/div>\n\t\t\t\t<\/div>\n\t\t\t\t\t<\/div>\n\t\t<\/div>\n\t\t\t\t<div class=\"elementor-column elementor-col-50 elementor-top-column elementor-element elementor-element-31a607f3 jltma-glass-effect-no\" data-id=\"31a607f3\" data-element_type=\"column\" data-e-type=\"column\">\n\t\t\t<div class=\"elementor-widget-wrap elementor-element-populated\">\n\t\t\t\t\t\t<div class=\"elementor-element elementor-element-bda283e jltma-glass-effect-no elementor-widget elementor-widget-spacer\" data-id=\"bda283e\" data-element_type=\"widget\" data-e-type=\"widget\" data-widget_type=\"spacer.default\">\n\t\t\t\t<div class=\"elementor-widget-container\">\n\t\t\t\t\t\t\t<div class=\"elementor-spacer\">\n\t\t\t<div class=\"elementor-spacer-inner\"><\/div>\n\t\t<\/div>\n\t\t\t\t\t\t<\/div>\n\t\t\t\t<\/div>\n\t\t\t\t<section class=\"elementor-section elementor-inner-section elementor-element elementor-element-5170884a elementor-section-boxed elementor-section-height-default elementor-section-height-default jltma-glass-effect-no\" data-id=\"5170884a\" data-element_type=\"section\" data-e-type=\"section\">\n\t\t\t\t\t\t<div class=\"elementor-container elementor-column-gap-default\">\n\t\t\t\t\t<div class=\"elementor-column elementor-col-50 elementor-inner-column elementor-element elementor-element-51a4e920 jltma-glass-effect-no\" data-id=\"51a4e920\" data-element_type=\"column\" data-e-type=\"column\" data-settings=\"{&quot;background_background&quot;:&quot;classic&quot;}\">\n\t\t\t<div class=\"elementor-widget-wrap elementor-element-populated\">\n\t\t\t\t\t\t<div class=\"elementor-element elementor-element-78453f8 ekit-equal-height-disable jltma-glass-effect-no elementor-invisible elementor-widget elementor-widget-elementskit-icon-box\" data-id=\"78453f8\" data-element_type=\"widget\" data-e-type=\"widget\" data-settings=\"{&quot;_animation&quot;:&quot;fadeInUp&quot;}\" data-widget_type=\"elementskit-icon-box.default\">\n\t\t\t\t<div class=\"elementor-widget-container\">\n\t\t\t\t\t<div class=\"ekit-wid-con\" >        <!-- link opening -->\n                <a href=\"https:\/\/augmentedscience.eu\/wp-content\/uploads\/2026\/02\/An.-11-WP5-1st-Newsletter-FN-CC-BY.pdf\" class=\"ekit_global_links\">\n                <!-- end link opening -->\n\n        <div class=\"elementskit-infobox text-left text-left icon-top-align elementor-animation-   \">\n                            <div class=\"elementskit-box-header\">\n                <div class=\"elementskit-info-box-icon \">\n                    <img fetchpriority=\"high\" decoding=\"async\" width=\"2560\" height=\"1707\" src=\"https:\/\/augmentedscience.eu\/wp-content\/uploads\/2024\/06\/high-angle-woman-doing-creative-journaling-scaled.jpg\" class=\"attachment- size-\" alt=\"\" srcset=\"https:\/\/augmentedscience.eu\/wp-content\/uploads\/2024\/06\/high-angle-woman-doing-creative-journaling-scaled.jpg 2560w, https:\/\/augmentedscience.eu\/wp-content\/uploads\/2024\/06\/high-angle-woman-doing-creative-journaling-300x200.jpg 300w, https:\/\/augmentedscience.eu\/wp-content\/uploads\/2024\/06\/high-angle-woman-doing-creative-journaling-1024x683.jpg 1024w, https:\/\/augmentedscience.eu\/wp-content\/uploads\/2024\/06\/high-angle-woman-doing-creative-journaling-768x512.jpg 768w, https:\/\/augmentedscience.eu\/wp-content\/uploads\/2024\/06\/high-angle-woman-doing-creative-journaling-1536x1024.jpg 1536w, https:\/\/augmentedscience.eu\/wp-content\/uploads\/2024\/06\/high-angle-woman-doing-creative-journaling-2048x1365.jpg 2048w, https:\/\/augmentedscience.eu\/wp-content\/uploads\/2024\/06\/high-angle-woman-doing-creative-journaling-676x451.jpg 676w\" sizes=\"(max-width: 2560px) 100vw, 2560px\" \/>                <\/div>\n          <\/div>\n                <div class=\"box-body\">\n                            <h3 class=\"elementskit-info-box-title\">\n                    1. Uutiskirje                <\/h3>\n                        \t\t  \t<p>Lue T\u00e4\u00e4lt\u00e4!<\/p>\n                                <\/div>\n        \n        \n                <\/div>\n                <\/a>\n        <\/div>\t\t\t\t<\/div>\n\t\t\t\t<\/div>\n\t\t\t\t<div class=\"elementor-element elementor-element-577c815 ekit-equal-height-disable jltma-glass-effect-no elementor-invisible elementor-widget elementor-widget-elementskit-icon-box\" data-id=\"577c815\" data-element_type=\"widget\" data-e-type=\"widget\" data-settings=\"{&quot;_animation&quot;:&quot;fadeInUp&quot;}\" data-widget_type=\"elementskit-icon-box.default\">\n\t\t\t\t<div class=\"elementor-widget-container\">\n\t\t\t\t\t<div class=\"ekit-wid-con\" >        <!-- link opening -->\n                <a href=\"https:\/\/augmentedscience.eu\/wp-content\/uploads\/2026\/02\/An.-11-WP5-Brochure-FN-CC-BY.pdf\" class=\"ekit_global_links\">\n                <!-- end link opening -->\n\n        <div class=\"elementskit-infobox text-left text-left icon-top-align elementor-animation-   \">\n                            <div class=\"elementskit-box-header\">\n                <div class=\"elementskit-info-box-icon \">\n                    <img decoding=\"async\" width=\"691\" height=\"445\" src=\"https:\/\/augmentedscience.eu\/wp-content\/uploads\/2026\/01\/Brochure-image-1.png\" class=\"attachment- size-\" alt=\"\" srcset=\"https:\/\/augmentedscience.eu\/wp-content\/uploads\/2026\/01\/Brochure-image-1.png 691w, https:\/\/augmentedscience.eu\/wp-content\/uploads\/2026\/01\/Brochure-image-1-300x193.png 300w, https:\/\/augmentedscience.eu\/wp-content\/uploads\/2026\/01\/Brochure-image-1-676x435.png 676w\" sizes=\"(max-width: 691px) 100vw, 691px\" \/>                <\/div>\n          <\/div>\n                <div class=\"box-body\">\n                            <h3 class=\"elementskit-info-box-title\">\n                    Esite                <\/h3>\n                        \t\t  \t<p>Lue T\u00e4\u00e4lt\u00e4!<\/p>\n                                <\/div>\n        \n        \n                <\/div>\n                <\/a>\n        <\/div>\t\t\t\t<\/div>\n\t\t\t\t<\/div>\n\t\t\t\t\t<\/div>\n\t\t<\/div>\n\t\t\t\t<div class=\"elementor-column elementor-col-50 elementor-inner-column elementor-element elementor-element-471e1e76 jltma-glass-effect-no\" data-id=\"471e1e76\" data-element_type=\"column\" data-e-type=\"column\">\n\t\t\t<div class=\"elementor-widget-wrap elementor-element-populated\">\n\t\t\t\t\t\t<div class=\"elementor-element elementor-element-14b9af69 ekit-equal-height-disable jltma-glass-effect-no elementor-invisible elementor-widget elementor-widget-elementskit-icon-box\" data-id=\"14b9af69\" data-element_type=\"widget\" data-e-type=\"widget\" data-settings=\"{&quot;_animation&quot;:&quot;fadeInUp&quot;,&quot;_animation_delay&quot;:&quot;100&quot;}\" data-widget_type=\"elementskit-icon-box.default\">\n\t\t\t\t<div class=\"elementor-widget-container\">\n\t\t\t\t\t<div class=\"ekit-wid-con\" >        <!-- link opening -->\n                <a href=\"https:\/\/augmentedscience.eu\/wp-content\/uploads\/2026\/02\/An.-11-WP5-2nd-Newsletter-FN-CC-BY.pdf\" class=\"ekit_global_links\">\n                <!-- end link opening -->\n\n        <div class=\"elementskit-infobox text-left text-left icon-top-align elementor-animation-   \">\n                            <div class=\"elementskit-box-header\">\n                <div class=\"elementskit-info-box-icon \">\n                    <img decoding=\"async\" width=\"2560\" height=\"1707\" src=\"https:\/\/augmentedscience.eu\/wp-content\/uploads\/2024\/06\/applications-be-connected-scaled.jpg\" class=\"attachment- size-\" alt=\"\" srcset=\"https:\/\/augmentedscience.eu\/wp-content\/uploads\/2024\/06\/applications-be-connected-scaled.jpg 2560w, https:\/\/augmentedscience.eu\/wp-content\/uploads\/2024\/06\/applications-be-connected-300x200.jpg 300w, https:\/\/augmentedscience.eu\/wp-content\/uploads\/2024\/06\/applications-be-connected-1024x683.jpg 1024w, https:\/\/augmentedscience.eu\/wp-content\/uploads\/2024\/06\/applications-be-connected-768x512.jpg 768w, https:\/\/augmentedscience.eu\/wp-content\/uploads\/2024\/06\/applications-be-connected-1536x1024.jpg 1536w, https:\/\/augmentedscience.eu\/wp-content\/uploads\/2024\/06\/applications-be-connected-2048x1365.jpg 2048w, https:\/\/augmentedscience.eu\/wp-content\/uploads\/2024\/06\/applications-be-connected-676x451.jpg 676w\" sizes=\"(max-width: 2560px) 100vw, 2560px\" \/>                <\/div>\n          <\/div>\n                <div class=\"box-body\">\n                            <h3 class=\"elementskit-info-box-title\">\n                    2. Uutiskirje                <\/h3>\n                        \t\t  \t<p>Lue T\u00e4\u00e4lt\u00e4!<\/p>\n                                <\/div>\n        \n        \n                <\/div>\n                <\/a>\n        <\/div>\t\t\t\t<\/div>\n\t\t\t\t<\/div>\n\t\t\t\t\t<\/div>\n\t\t<\/div>\n\t\t\t\t\t<\/div>\n\t\t<\/section>\n\t\t\t\t\t<\/div>\n\t\t<\/div>\n\t\t\t\t\t<\/div>\n\t\t<\/section>\n\t\t\t\t<section class=\"elementor-section elementor-top-section elementor-element elementor-element-13d12ea elementor-section-boxed elementor-section-height-default elementor-section-height-default jltma-glass-effect-no\" data-id=\"13d12ea\" data-element_type=\"section\" data-e-type=\"section\" data-settings=\"{&quot;background_background&quot;:&quot;classic&quot;}\">\n\t\t\t\t\t\t<div class=\"elementor-container elementor-column-gap-default\">\n\t\t\t\t\t<div class=\"elementor-column elementor-col-100 elementor-top-column elementor-element elementor-element-0bedb41 jltma-glass-effect-no\" data-id=\"0bedb41\" data-element_type=\"column\" data-e-type=\"column\">\n\t\t\t<div class=\"elementor-widget-wrap elementor-element-populated\">\n\t\t\t\t\t\t<div class=\"elementor-element elementor-element-2356de3 jltma-glass-effect-no elementor-widget elementor-widget-spacer\" data-id=\"2356de3\" data-element_type=\"widget\" data-e-type=\"widget\" data-widget_type=\"spacer.default\">\n\t\t\t\t<div class=\"elementor-widget-container\">\n\t\t\t\t\t\t\t<div class=\"elementor-spacer\">\n\t\t\t<div class=\"elementor-spacer-inner\"><\/div>\n\t\t<\/div>\n\t\t\t\t\t\t<\/div>\n\t\t\t\t<\/div>\n\t\t\t\t<section class=\"elementor-section elementor-inner-section elementor-element elementor-element-76f362e elementor-section-boxed elementor-section-height-default elementor-section-height-default jltma-glass-effect-no\" data-id=\"76f362e\" data-element_type=\"section\" data-e-type=\"section\">\n\t\t\t\t\t\t<div class=\"elementor-container elementor-column-gap-default\">\n\t\t\t\t\t<div class=\"elementor-column elementor-col-50 elementor-inner-column elementor-element elementor-element-feff4b4 jltma-glass-effect-no\" data-id=\"feff4b4\" data-element_type=\"column\" data-e-type=\"column\">\n\t\t\t<div class=\"elementor-widget-wrap elementor-element-populated\">\n\t\t\t\t\t\t<div class=\"elementor-element elementor-element-5fb1dfa jltma-glass-effect-no elementor-widget elementor-widget-heading\" data-id=\"5fb1dfa\" data-element_type=\"widget\" data-e-type=\"widget\" data-widget_type=\"heading.default\">\n\t\t\t\t<div class=\"elementor-widget-container\">\n\t\t\t\t\t<h2 class=\"elementor-heading-title elementor-size-default\">\u00a9 2024 AUGMENTED SCIENCE. ALL RIGHTS RESERVED<\/h2>\t\t\t\t<\/div>\n\t\t\t\t<\/div>\n\t\t\t\t<div class=\"elementor-element elementor-element-f9971eb jltma-glass-effect-no elementor-widget elementor-widget-heading\" data-id=\"f9971eb\" data-element_type=\"widget\" data-e-type=\"widget\" data-widget_type=\"heading.default\">\n\t\t\t\t<div class=\"elementor-widget-container\">\n\t\t\t\t\t<h2 class=\"elementor-heading-title elementor-size-default\"><a href=\"https:\/\/augmentedscience.eu\/index.php\/terms-of-use\/\">PRIVACY POLICY<\/a><\/h2>\t\t\t\t<\/div>\n\t\t\t\t<\/div>\n\t\t\t\t<div class=\"elementor-element elementor-element-4ff00b6 e-grid-align-left elementor-shape-rounded elementor-grid-0 jltma-glass-effect-no elementor-widget elementor-widget-social-icons\" data-id=\"4ff00b6\" data-element_type=\"widget\" data-e-type=\"widget\" data-widget_type=\"social-icons.default\">\n\t\t\t\t<div class=\"elementor-widget-container\">\n\t\t\t\t\t\t\t<div class=\"elementor-social-icons-wrapper elementor-grid\" role=\"list\">\n\t\t\t\t\t\t\t<span class=\"elementor-grid-item\" role=\"listitem\">\n\t\t\t\t\t<a class=\"elementor-icon elementor-social-icon elementor-social-icon-facebook elementor-repeater-item-0a1fd49\" href=\"https:\/\/www.facebook.com\/augmentedscience\/\" target=\"_blank\">\n\t\t\t\t\t\t<span class=\"elementor-screen-only\">Facebook<\/span>\n\t\t\t\t\t\t<svg aria-hidden=\"true\" class=\"e-font-icon-svg e-fab-facebook\" viewBox=\"0 0 512 512\" xmlns=\"http:\/\/www.w3.org\/2000\/svg\"><path d=\"M504 256C504 119 393 8 256 8S8 119 8 256c0 123.78 90.69 226.38 209.25 245V327.69h-63V256h63v-54.64c0-62.15 37-96.48 93.67-96.48 27.14 0 55.52 4.84 55.52 4.84v61h-31.28c-30.8 0-40.41 19.12-40.41 38.73V256h68.78l-11 71.69h-57.78V501C413.31 482.38 504 379.78 504 256z\"><\/path><\/svg>\t\t\t\t\t<\/a>\n\t\t\t\t<\/span>\n\t\t\t\t\t\t\t<span class=\"elementor-grid-item\" role=\"listitem\">\n\t\t\t\t\t<a class=\"elementor-icon elementor-social-icon elementor-social-icon-twitter elementor-repeater-item-f25d88d\" href=\"https:\/\/x.com\/augmentedsci\" target=\"_blank\">\n\t\t\t\t\t\t<span class=\"elementor-screen-only\">Twitter<\/span>\n\t\t\t\t\t\t<svg aria-hidden=\"true\" class=\"e-font-icon-svg e-fab-twitter\" viewBox=\"0 0 512 512\" xmlns=\"http:\/\/www.w3.org\/2000\/svg\"><path d=\"M459.37 151.716c.325 4.548.325 9.097.325 13.645 0 138.72-105.583 298.558-298.558 298.558-59.452 0-114.68-17.219-161.137-47.106 8.447.974 16.568 1.299 25.34 1.299 49.055 0 94.213-16.568 130.274-44.832-46.132-.975-84.792-31.188-98.112-72.772 6.498.974 12.995 1.624 19.818 1.624 9.421 0 18.843-1.3 27.614-3.573-48.081-9.747-84.143-51.98-84.143-102.985v-1.299c13.969 7.797 30.214 12.67 47.431 13.319-28.264-18.843-46.781-51.005-46.781-87.391 0-19.492 5.197-37.36 14.294-52.954 51.655 63.675 129.3 105.258 216.365 109.807-1.624-7.797-2.599-15.918-2.599-24.04 0-57.828 46.782-104.934 104.934-104.934 30.213 0 57.502 12.67 76.67 33.137 23.715-4.548 46.456-13.32 66.599-25.34-7.798 24.366-24.366 44.833-46.132 57.827 21.117-2.273 41.584-8.122 60.426-16.243-14.292 20.791-32.161 39.308-52.628 54.253z\"><\/path><\/svg>\t\t\t\t\t<\/a>\n\t\t\t\t<\/span>\n\t\t\t\t\t\t\t<span class=\"elementor-grid-item\" role=\"listitem\">\n\t\t\t\t\t<a class=\"elementor-icon elementor-social-icon elementor-social-icon-instagram elementor-repeater-item-533f36e\" href=\"https:\/\/www.instagram.com\/augmented.science.eu\/\" target=\"_blank\">\n\t\t\t\t\t\t<span class=\"elementor-screen-only\">Instagram<\/span>\n\t\t\t\t\t\t<svg aria-hidden=\"true\" class=\"e-font-icon-svg e-fab-instagram\" viewBox=\"0 0 448 512\" xmlns=\"http:\/\/www.w3.org\/2000\/svg\"><path d=\"M224.1 141c-63.6 0-114.9 51.3-114.9 114.9s51.3 114.9 114.9 114.9S339 319.5 339 255.9 287.7 141 224.1 141zm0 189.6c-41.1 0-74.7-33.5-74.7-74.7s33.5-74.7 74.7-74.7 74.7 33.5 74.7 74.7-33.6 74.7-74.7 74.7zm146.4-194.3c0 14.9-12 26.8-26.8 26.8-14.9 0-26.8-12-26.8-26.8s12-26.8 26.8-26.8 26.8 12 26.8 26.8zm76.1 27.2c-1.7-35.9-9.9-67.7-36.2-93.9-26.2-26.2-58-34.4-93.9-36.2-37-2.1-147.9-2.1-184.9 0-35.8 1.7-67.6 9.9-93.9 36.1s-34.4 58-36.2 93.9c-2.1 37-2.1 147.9 0 184.9 1.7 35.9 9.9 67.7 36.2 93.9s58 34.4 93.9 36.2c37 2.1 147.9 2.1 184.9 0 35.9-1.7 67.7-9.9 93.9-36.2 26.2-26.2 34.4-58 36.2-93.9 2.1-37 2.1-147.8 0-184.8zM398.8 388c-7.8 19.6-22.9 34.7-42.6 42.6-29.5 11.7-99.5 9-132.1 9s-102.7 2.6-132.1-9c-19.6-7.8-34.7-22.9-42.6-42.6-11.7-29.5-9-99.5-9-132.1s-2.6-102.7 9-132.1c7.8-19.6 22.9-34.7 42.6-42.6 29.5-11.7 99.5-9 132.1-9s102.7-2.6 132.1 9c19.6 7.8 34.7 22.9 42.6 42.6 11.7 29.5 9 99.5 9 132.1s2.7 102.7-9 132.1z\"><\/path><\/svg>\t\t\t\t\t<\/a>\n\t\t\t\t<\/span>\n\t\t\t\t\t<\/div>\n\t\t\t\t\t\t<\/div>\n\t\t\t\t<\/div>\n\t\t\t\t<div class=\"elementor-element elementor-element-762d699 jltma-glass-effect-no elementor-widget elementor-widget-heading\" data-id=\"762d699\" data-element_type=\"widget\" data-e-type=\"widget\" data-widget_type=\"heading.default\">\n\t\t\t\t<div class=\"elementor-widget-container\">\n\t\t\t\t\t<h2 class=\"elementor-heading-title elementor-size-default\">DESIGN &amp; DEVELOPED \ud83d\udd10 BY INNOVATION HIVE<\/h2>\t\t\t\t<\/div>\n\t\t\t\t<\/div>\n\t\t\t\t\t<\/div>\n\t\t<\/div>\n\t\t\t\t<div class=\"elementor-column elementor-col-50 elementor-inner-column elementor-element elementor-element-e0ac6da jltma-glass-effect-no\" data-id=\"e0ac6da\" data-element_type=\"column\" data-e-type=\"column\">\n\t\t\t<div class=\"elementor-widget-wrap elementor-element-populated\">\n\t\t\t\t\t\t<div class=\"elementor-element elementor-element-d027a48 jltma-glass-effect-no elementor-widget elementor-widget-text-editor\" data-id=\"d027a48\" data-element_type=\"widget\" data-e-type=\"widget\" data-widget_type=\"text-editor.default\">\n\t\t\t\t<div class=\"elementor-widget-container\">\n\t\t\t\t\t\t\t\t\t<p class=\"elementskit-section-subtitle \">T\u00e4m\u00e4 projekti on saanut rahoitusta Euroopan komissiolta. T\u00e4m\u00e4 julkaisu heijastaa ainoastaan kirjoittajan n\u00e4kemyksi\u00e4, eik\u00e4 komissiota voida pit\u00e4\u00e4 vastuullisena tiedon k\u00e4yt\u00f6st\u00e4. 2023-1-PL01-KA220-SCH-000164042<\/p>\t\t\t\t\t\t\t\t<\/div>\n\t\t\t\t<\/div>\n\t\t\t\t<div class=\"elementor-element elementor-element-7c02509 jltma-glass-effect-no elementor-widget elementor-widget-image\" data-id=\"7c02509\" data-element_type=\"widget\" data-e-type=\"widget\" data-widget_type=\"image.default\">\n\t\t\t\t<div class=\"elementor-widget-container\">\n\t\t\t\t\t\t\t\t\t\t\t\t\t\t\t<img loading=\"lazy\" decoding=\"async\" width=\"300\" height=\"63\" src=\"https:\/\/augmentedscience.eu\/wp-content\/uploads\/2024\/04\/EN_Co-funded_by_the_EU-transparent-300x63.png\" class=\"attachment-medium size-medium wp-image-164\" alt=\"\" srcset=\"https:\/\/augmentedscience.eu\/wp-content\/uploads\/2024\/04\/EN_Co-funded_by_the_EU-transparent-300x63.png 300w, https:\/\/augmentedscience.eu\/wp-content\/uploads\/2024\/04\/EN_Co-funded_by_the_EU-transparent-768x161.png 768w, https:\/\/augmentedscience.eu\/wp-content\/uploads\/2024\/04\/EN_Co-funded_by_the_EU-transparent-676x142.png 676w, https:\/\/augmentedscience.eu\/wp-content\/uploads\/2024\/04\/EN_Co-funded_by_the_EU-transparent.png 1024w\" sizes=\"(max-width: 300px) 100vw, 300px\" \/>\t\t\t\t\t\t\t\t\t\t\t\t\t\t\t<\/div>\n\t\t\t\t<\/div>\n\t\t\t\t\t<\/div>\n\t\t<\/div>\n\t\t\t\t\t<\/div>\n\t\t<\/section>\n\t\t\t\t\t<\/div>\n\t\t<\/div>\n\t\t\t\t\t<\/div>\n\t\t<\/section>\n\t\t\t\t<\/div>\n\t\t","protected":false},"excerpt":{"rendered":"<p>Uusimmat Uutiset Tervetuloa uutishuoneeseemme, joka tarjoaa uusimmat p\u00e4ivitykset ja analyysit tiiviiss\u00e4 muodossa tietoon perustuvaa p\u00e4\u00e4t\u00f6ksentekoa varten. 1. Uutiskirje Lue T\u00e4\u00e4lt\u00e4! Esite Lue T\u00e4\u00e4lt\u00e4! 2. Uutiskirje Lue T\u00e4\u00e4lt\u00e4! \u00a9 2024 AUGMENTED SCIENCE. ALL RIGHTS RESERVED PRIVACY POLICY Facebook Twitter Instagram DESIGN &amp; DEVELOPED \ud83d\udd10 BY INNOVATION HIVE T\u00e4m\u00e4 projekti on saanut rahoitusta Euroopan komissiolta. T\u00e4m\u00e4 julkaisu [&hellip;]<\/p>\n","protected":false},"author":1,"featured_media":0,"parent":0,"menu_order":0,"comment_status":"closed","ping_status":"closed","template":"elementor_header_footer","meta":{"footnotes":""},"class_list":["post-458","page","type-page","status-publish","hentry","post-preview"],"_links":{"self":[{"href":"https:\/\/augmentedscience.eu\/index.php\/wp-json\/wp\/v2\/pages\/458","targetHints":{"allow":["GET"]}}],"collection":[{"href":"https:\/\/augmentedscience.eu\/index.php\/wp-json\/wp\/v2\/pages"}],"about":[{"href":"https:\/\/augmentedscience.eu\/index.php\/wp-json\/wp\/v2\/types\/page"}],"author":[{"embeddable":true,"href":"https:\/\/augmentedscience.eu\/index.php\/wp-json\/wp\/v2\/users\/1"}],"replies":[{"embeddable":true,"href":"https:\/\/augmentedscience.eu\/index.php\/wp-json\/wp\/v2\/comments?post=458"}],"version-history":[{"count":34,"href":"https:\/\/augmentedscience.eu\/index.php\/wp-json\/wp\/v2\/pages\/458\/revisions"}],"predecessor-version":[{"id":1145,"href":"https:\/\/augmentedscience.eu\/index.php\/wp-json\/wp\/v2\/pages\/458\/revisions\/1145"}],"wp:attachment":[{"href":"https:\/\/augmentedscience.eu\/index.php\/wp-json\/wp\/v2\/media?parent=458"}],"curies":[{"name":"wp","href":"https:\/\/api.w.org\/{rel}","templated":true}]}}